{"id":272,"date":"2026-03-28T23:26:47","date_gmt":"2026-03-28T22:26:47","guid":{"rendered":"https:\/\/butik.forsakringsutbildning.se\/?post_type=product&#038;p=272"},"modified":"2026-03-28T23:48:00","modified_gmt":"2026-03-28T22:48:00","slug":"erbjudande-aku-sak-2026","status":"publish","type":"product","link":"https:\/\/butik.forsakringsutbildning.se\/index.php\/product\/erbjudande-aku-sak-2026\/","title":{"rendered":"Erbjudande! \u00c5KU Sak 2026"},"content":{"rendered":"<p style=\"text-align: left;\" data-start=\"195\" data-end=\"490\">Det h\u00e4r paketet \u00e4r framtaget f\u00f6r dig som arbetar som f\u00f6rs\u00e4kringsf\u00f6rmedlare. Materialet hj\u00e4lper dig att uppfylla kravet p\u00e5 \u00e5rlig kunskapsuppdatering f\u00f6r 2026 enligt Finansinspektionens f\u00f6reskrifter och Insuresecs riktlinjer.<\/p>\n<p style=\"text-align: left;\" data-start=\"492\" data-end=\"513\">I paketet ing\u00e5r (v\u00e4rde 3 699 kr)<\/p>\n<ul style=\"text-align: left;\" data-start=\"514\" data-end=\"724\">\n<li data-start=\"514\" data-end=\"568\">\n<p data-start=\"516\" data-end=\"568\">E-boken <em data-start=\"524\" data-end=\"566\">Kunskapsuppdatering Skadef\u00f6rs\u00e4kring 2026 <\/em>inklusive \u00f6vningsfr\u00e5gor och facit<\/p>\n<\/li>\n<li data-start=\"514\" data-end=\"568\">\n<p data-start=\"516\" data-end=\"568\">Tentamen och intyg vid godk\u00e4nt resultat<\/p>\n<\/li>\n<li data-start=\"514\" data-end=\"568\">\n<p data-start=\"516\" data-end=\"568\">Basbelopp matris 2026<\/p>\n<\/li>\n<\/ul>\n<p style=\"text-align: left;\" data-start=\"726\" data-end=\"960\"><strong>E-boken t\u00e4cker centrala omr\u00e5den inom sakf\u00f6rs\u00e4kring<\/strong>, inklusive<\/p>\n<ul>\n<li style=\"text-align: left;\" data-start=\"726\" data-end=\"960\">allm\u00e4nna och organisatoriska krav<\/li>\n<li style=\"text-align: left;\" data-start=\"726\" data-end=\"960\">uppf\u00f6randeregler och andra kundskyddsregler<\/li>\n<li style=\"text-align: left;\" data-start=\"726\" data-end=\"960\">grundl\u00e4ggande f\u00f6rs\u00e4kringskunskap<\/li>\n<li style=\"text-align: left;\" data-start=\"726\" data-end=\"960\">ekonomi, marknad och riskhantering<\/li>\n<li style=\"text-align: left;\" data-start=\"726\" data-end=\"960\">f\u00f6rs\u00e4kringsprodukter f\u00f6r f\u00f6retag.<\/li>\n<\/ul>\n<p><strong>Tentamen och intyg<\/strong><\/p>\n<p>N\u00e4r du \u00e4r redo att skriva tentamen h\u00f6r du av dig f\u00f6r att boka tid. Tentamen skrivs p\u00e5 torsdagar men vid behov g\u00e5r det att boka en annan dag.<br \/>\nL\u00e4s mer om produkten h\u00e4r: <a href=\"https:\/\/butik.forsakringsutbildning.se\/index.php\/product\/tentamen-och-intyg\/\">Tentamen och intyg<\/a><\/p>\n<p><strong>Basbelopp matris 2026<\/strong><\/p>\n<p>H\u00e4r f\u00e5r du f\u00e4rdiga utr\u00e4kningar f\u00f6r olika antal prisbasbelopp, f\u00f6rh\u00f6jt prisbasbelopp och inkomstbasbelopp f\u00f6rdelat p\u00e5 \u00e5r och m\u00e5nad. L\u00e4s mer om produkten h\u00e4r: <a href=\"https:\/\/butik.forsakringsutbildning.se\/index.php\/product\/basbelopp2026\/\">Basbelopp matris 2026<\/a><\/p>\n<p data-start=\"726\" data-end=\"960\"><strong>Erbjudandet g\u00e4ller till sista maj!<\/strong><\/p>\n<p data-start=\"726\" data-end=\"960\">Erbjudandet sparar dig 1 299 kr ex moms.<br \/>\nVi arbetar med boken i detta nu och du f\u00e5r tillg\u00e5ng till den s\u00e5 snart den \u00e4r f\u00e4rdigst\u00e4lld.<\/p>\n","protected":false},"excerpt":{"rendered":"<p>Studiepaket f\u00f6r \u00c5KU Sak 2026. Inkluderar e-bok med \u00f6vningsfr\u00e5gor och facit, tentamen och intyg samt basbelopp-matris med aktuella siffror f\u00f6r 2026.\u00a0Uppfyller Finansinspektionens krav.<\/p>\n","protected":false},"featured_media":273,"comment_status":"open","ping_status":"closed","template":"","meta":{"_et_pb_use_builder":"","_et_pb_old_content":"","_et_gb_content_width":""},"product_brand":[],"product_cat":[22,43,30],"product_tag":[42,35,44,25,24,28],"class_list":{"0":"post-272","1":"product","2":"type-product","3":"status-publish","4":"has-post-thumbnail","6":"product_cat-e-bocker","7":"product_cat-paket","8":"product_cat-tillval","9":"product_tag-42","10":"product_tag-e-bok","11":"product_tag-insuresec","12":"product_tag-sak","13":"product_tag-skadeforsakring","14":"product_tag-tentamen","16":"first","17":"instock","18":"sale","19":"downloadable","20":"virtual","21":"taxable","22":"purchasable","23":"product-type-simple"},"_links":{"self":[{"href":"https:\/\/butik.forsakringsutbildning.se\/index.php\/wp-json\/wp\/v2\/product\/272","targetHints":{"allow":["GET"]}}],"collection":[{"href":"https:\/\/butik.forsakringsutbildning.se\/index.php\/wp-json\/wp\/v2\/product"}],"about":[{"href":"https:\/\/butik.forsakringsutbildning.se\/index.php\/wp-json\/wp\/v2\/types\/product"}],"replies":[{"embeddable":true,"href":"https:\/\/butik.forsakringsutbildning.se\/index.php\/wp-json\/wp\/v2\/comments?post=272"}],"wp:featuredmedia":[{"embeddable":true,"href":"https:\/\/butik.forsakringsutbildning.se\/index.php\/wp-json\/wp\/v2\/media\/273"}],"wp:attachment":[{"href":"https:\/\/butik.forsakringsutbildning.se\/index.php\/wp-json\/wp\/v2\/media?parent=272"}],"wp:term":[{"taxonomy":"product_brand","embeddable":true,"href":"https:\/\/butik.forsakringsutbildning.se\/index.php\/wp-json\/wp\/v2\/product_brand?post=272"},{"taxonomy":"product_cat","embeddable":true,"href":"https:\/\/butik.forsakringsutbildning.se\/index.php\/wp-json\/wp\/v2\/product_cat?post=272"},{"taxonomy":"product_tag","embeddable":true,"href":"https:\/\/butik.forsakringsutbildning.se\/index.php\/wp-json\/wp\/v2\/product_tag?post=272"}],"curies":[{"name":"wp","href":"https:\/\/api.w.org\/{rel}","templated":true}]}}