{"id":171,"date":"2025-09-22T16:26:03","date_gmt":"2025-09-22T14:26:03","guid":{"rendered":"https:\/\/butik.forsakringsutbildning.se\/?post_type=product&#038;p=171"},"modified":"2025-10-03T13:45:19","modified_gmt":"2025-10-03T11:45:19","slug":"e-bok-aku-skadeforsakring-2024-aldre-2","status":"publish","type":"product","link":"https:\/\/butik.forsakringsutbildning.se\/index.php\/product\/e-bok-aku-skadeforsakring-2024-aldre-2\/","title":{"rendered":"E-bok \u00c5KU Skadef\u00f6rs\u00e4kring 2024 (\u00e4ldre)"},"content":{"rendered":"<p style=\"text-align: left;\" data-start=\"241\" data-end=\"394\">Den h\u00e4r e-boken bygger p\u00e5 2024 \u00e5rs kunskapskrav f\u00f6r \u00e5rlig kunskapsuppdatering inom skadef\u00f6rs\u00e4kring.<br data-start=\"340\" data-end=\"343\" \/>Den inneh\u00e5ller hela kursmaterialet fr\u00e5n det \u00e5ret:<\/p>\n<ul style=\"text-align: left;\" data-start=\"395\" data-end=\"529\">\n<li data-start=\"395\" data-end=\"429\">\n<p data-start=\"397\" data-end=\"429\">E-bok<\/p>\n<\/li>\n<li data-start=\"430\" data-end=\"457\">\n<p data-start=\"432\" data-end=\"457\">\u00d6vningsfr\u00e5gor med facit<\/p>\n<\/li>\n<li data-start=\"458\" data-end=\"529\">\n<p data-start=\"460\" data-end=\"529\">Bilaga (bilaga Disciplinna\u0308mndens beslut 2023-07)<\/p>\n<\/li>\n<\/ul>\n<p style=\"text-align: left;\" data-start=\"531\" data-end=\"738\"><strong data-start=\"534\" data-end=\"548\">Observera:<\/strong>\u00a0Denna version uppfyller\u00a0<strong data-start=\"573\" data-end=\"581\">inte<\/strong>\u00a0Finansinspektionens och InsureSecs krav f\u00f6r 2025. Den kan dock vara v\u00e4rdefull f\u00f6r dig som vill repetera eller f\u00f6rdjupa dig i tidigare \u00e5rs material.<\/p>\n","protected":false},"excerpt":{"rendered":"<p>Den h\u00e4r e-boken bygger p\u00e5 2024 \u00e5rs kunskapskrav f\u00f6r \u00e5rlig kunskapsuppdatering inom skadef\u00f6rs\u00e4kring.Den inneh\u00e5ller hela kursmaterialet fr\u00e5n det \u00e5ret: E-bok \u00d6vningsfr\u00e5gor med facit Bilaga (bilaga Disciplinna\u0308mndens beslut 2023-07) Observera:\u00a0Denna version uppfyller\u00a0inte\u00a0Finansinspektionens och InsureSecs krav f\u00f6r 2025. Den kan dock vara v\u00e4rdefull f\u00f6r dig som vill repetera eller f\u00f6rdjupa dig i tidigare \u00e5rs material.<\/p>\n","protected":false},"featured_media":239,"comment_status":"open","ping_status":"closed","template":"","meta":{"_et_pb_use_builder":"","_et_pb_old_content":"","_et_gb_content_width":""},"product_brand":[],"product_cat":[22],"product_tag":[39,25,24],"class_list":{"0":"post-171","1":"product","2":"type-product","3":"status-publish","4":"has-post-thumbnail","6":"product_cat-e-bocker","7":"product_tag-39","8":"product_tag-sak","9":"product_tag-skadeforsakring","11":"first","12":"instock","13":"downloadable","14":"virtual","15":"taxable","16":"purchasable","17":"product-type-simple"},"_links":{"self":[{"href":"https:\/\/butik.forsakringsutbildning.se\/index.php\/wp-json\/wp\/v2\/product\/171","targetHints":{"allow":["GET"]}}],"collection":[{"href":"https:\/\/butik.forsakringsutbildning.se\/index.php\/wp-json\/wp\/v2\/product"}],"about":[{"href":"https:\/\/butik.forsakringsutbildning.se\/index.php\/wp-json\/wp\/v2\/types\/product"}],"replies":[{"embeddable":true,"href":"https:\/\/butik.forsakringsutbildning.se\/index.php\/wp-json\/wp\/v2\/comments?post=171"}],"wp:featuredmedia":[{"embeddable":true,"href":"https:\/\/butik.forsakringsutbildning.se\/index.php\/wp-json\/wp\/v2\/media\/239"}],"wp:attachment":[{"href":"https:\/\/butik.forsakringsutbildning.se\/index.php\/wp-json\/wp\/v2\/media?parent=171"}],"wp:term":[{"taxonomy":"product_brand","embeddable":true,"href":"https:\/\/butik.forsakringsutbildning.se\/index.php\/wp-json\/wp\/v2\/product_brand?post=171"},{"taxonomy":"product_cat","embeddable":true,"href":"https:\/\/butik.forsakringsutbildning.se\/index.php\/wp-json\/wp\/v2\/product_cat?post=171"},{"taxonomy":"product_tag","embeddable":true,"href":"https:\/\/butik.forsakringsutbildning.se\/index.php\/wp-json\/wp\/v2\/product_tag?post=171"}],"curies":[{"name":"wp","href":"https:\/\/api.w.org\/{rel}","templated":true}]}}