{"id":159,"date":"2025-09-22T15:43:23","date_gmt":"2025-09-22T13:43:23","guid":{"rendered":"https:\/\/butik.forsakringsutbildning.se\/?post_type=product&#038;p=159"},"modified":"2025-11-06T15:56:04","modified_gmt":"2025-11-06T14:56:04","slug":"pensioner-och-forsakringar","status":"publish","type":"product","link":"https:\/\/butik.forsakringsutbildning.se\/index.php\/product\/pensioner-och-forsakringar\/","title":{"rendered":"Pensioner och f\u00f6rs\u00e4kringar"},"content":{"rendered":"<p style=\"text-align: left;\">SwedSec utf\u00e4rdar licensieringstestet f\u00f6r r\u00e5dgivare. Det riktar sig till personer som arbetar med placeringsr\u00e5dgivning och f\u00f6rs\u00e4kringsdistribution och tillhandah\u00e5ller finansiell r\u00e5dgivning avseende livf\u00f6rs\u00e4kringar med sparmoment till privatpersoner och f\u00f6retag. Testet omfattar fyra omr\u00e5den varav Pensioner och f\u00f6rs\u00e4kringar \u00e4r ett av dem.\u00a0<a href=\"https:\/\/www.swedsec.se\/tester\/radgivare\/\">Klicka h\u00e4r<\/a>\u00a0f\u00f6r att l\u00e4sa mer om SwedSec och hur testet g\u00e5r till.<\/p>\n<p style=\"text-align: left;\"><strong>E-bokens inneh\u00e5ll<\/strong><\/p>\n<p style=\"text-align: left;\">De \u00e4mnen som tas upp i denna e-bok motsvarar de kunskapskrav som st\u00e4lls i Del 4 av licensieringstestet f\u00f6r r\u00e5dgivare 2022.<\/p>\n<ul style=\"text-align: left;\">\n<li>Pensioner<\/li>\n<li>Lagstadgad f\u00f6rs\u00e4kring ut\u00f6ver pension<\/li>\n<li>Avtalad eller privat meddelad f\u00f6rs\u00e4kring<\/li>\n<li>F\u00f6rs\u00e4kringssparande<\/li>\n<li>Livf\u00f6rs\u00e4kringsteknik<\/li>\n<li>Regelverk kring f\u00f6rs\u00e4kring<\/li>\n<li>F\u00f6rs\u00e4kringsdistribution<\/li>\n<li>Skatteregler och familjer\u00e4tt kring f\u00f6rs\u00e4kringar<\/li>\n<\/ul>\n<p style=\"text-align: left;\">\u00d6vningsfr\u00e5gor och facit.<br \/>\nK\u00e4llh\u00e4nvisningar och l\u00e4stips.<\/p>\n<p style=\"text-align: left;\">E-boken best\u00e5r av 168 sidor inklusive \u00f6vningsuppgifter och du kan ladda ner den direkt efter best\u00e4llning.<\/p>\n","protected":false},"excerpt":{"rendered":"<p style=\"text-align: left;\">En e-bok som t\u00e4cker kunskapskraven\u00a0 i Del 4 av Swedsecs licensieringskrav f\u00f6r r\u00e5dgivare 2022.<\/p>\n","protected":false},"featured_media":238,"comment_status":"open","ping_status":"closed","template":"","meta":{"_et_pb_use_builder":"","_et_pb_old_content":"","_et_gb_content_width":""},"product_brand":[],"product_cat":[22],"product_tag":[34,32,33,31],"class_list":{"0":"post-159","1":"product","2":"type-product","3":"status-publish","4":"has-post-thumbnail","6":"product_cat-e-bocker","7":"product_tag-34","8":"product_tag-forsakringar","9":"product_tag-pensioner","10":"product_tag-swedsec","12":"first","13":"outofstock","14":"downloadable","15":"virtual","16":"taxable","17":"purchasable","18":"product-type-simple"},"_links":{"self":[{"href":"https:\/\/butik.forsakringsutbildning.se\/index.php\/wp-json\/wp\/v2\/product\/159","targetHints":{"allow":["GET"]}}],"collection":[{"href":"https:\/\/butik.forsakringsutbildning.se\/index.php\/wp-json\/wp\/v2\/product"}],"about":[{"href":"https:\/\/butik.forsakringsutbildning.se\/index.php\/wp-json\/wp\/v2\/types\/product"}],"replies":[{"embeddable":true,"href":"https:\/\/butik.forsakringsutbildning.se\/index.php\/wp-json\/wp\/v2\/comments?post=159"}],"wp:featuredmedia":[{"embeddable":true,"href":"https:\/\/butik.forsakringsutbildning.se\/index.php\/wp-json\/wp\/v2\/media\/238"}],"wp:attachment":[{"href":"https:\/\/butik.forsakringsutbildning.se\/index.php\/wp-json\/wp\/v2\/media?parent=159"}],"wp:term":[{"taxonomy":"product_brand","embeddable":true,"href":"https:\/\/butik.forsakringsutbildning.se\/index.php\/wp-json\/wp\/v2\/product_brand?post=159"},{"taxonomy":"product_cat","embeddable":true,"href":"https:\/\/butik.forsakringsutbildning.se\/index.php\/wp-json\/wp\/v2\/product_cat?post=159"},{"taxonomy":"product_tag","embeddable":true,"href":"https:\/\/butik.forsakringsutbildning.se\/index.php\/wp-json\/wp\/v2\/product_tag?post=159"}],"curies":[{"name":"wp","href":"https:\/\/api.w.org\/{rel}","templated":true}]}}