{"id":154,"date":"2026-03-20T15:25:25","date_gmt":"2026-03-20T14:25:25","guid":{"rendered":"https:\/\/butik.forsakringsutbildning.se\/?post_type=product&#038;p=154"},"modified":"2026-03-27T16:10:48","modified_gmt":"2026-03-27T15:10:48","slug":"onlinekurs-ku-skadeforsakring-2025","status":"publish","type":"product","link":"https:\/\/butik.forsakringsutbildning.se\/index.php\/product\/onlinekurs-ku-skadeforsakring-2025\/","title":{"rendered":"Onlinekurs \u00c5KU Skadef\u00f6rs\u00e4kring 2025"},"content":{"rendered":"<p style=\"text-align: left;\">Denna onlinekurs \u00e4r utformad f\u00f6r dig som arbetar med skadef\u00f6rs\u00e4kring och beh\u00f6ver uppfylla Insuresecs kunskapsm\u00e5l f\u00f6r 2025 \u00e5rs \u00c5rliga kunskapsuppdatering (\u00c5KU). Kursen ger dig en praktiskt till\u00e4mpbar och pedagogiskt strukturerad genomg\u00e5ng av s\u00e5v\u00e4l nya som \u00e5terkommande kunskapskrav \u2013 allt f\u00f6r att du ska kunna k\u00e4nna dig trygg i din yrkesroll.<\/p>\n<p>&nbsp;<\/p>\n<p style=\"text-align: left;\"><strong>Kursinneh\u00e5ll:<\/strong><\/p>\n<p style=\"text-align: left;\">Nytt f\u00f6r 2025:<\/p>\n<p style=\"text-align: left;\">&#8211; Marknadsf\u00f6ring och marknadsf\u00f6ringslagen<\/p>\n<p style=\"text-align: left;\">&#8211; Informationskrav till kund enligt f\u00f6rs\u00e4kringsavtalslagen (FAL)<\/p>\n<p style=\"text-align: left;\">Repetition av centrala omr\u00e5den:<\/p>\n<p style=\"text-align: left;\">&#8211; Tystnadsplikt och sekretess<\/p>\n<p style=\"text-align: left;\">&#8211; Personuppgiftshantering (GDPR)<\/p>\n<p style=\"text-align: left;\">&#8211; Ers\u00e4ttningar<\/p>\n<p style=\"text-align: left;\">&#8211; Kundinformation<\/p>\n<p style=\"text-align: left;\">&#8211; Skadest\u00e5nd<\/p>\n<p style=\"text-align: left;\">&#8211; F\u00f6rs\u00e4kringsavtalsr\u00e4tt<\/p>\n<p style=\"text-align: left;\">&#8211; Skatter\u00e4tt<\/p>\n<p style=\"text-align: left;\">&#8211; Egendomsf\u00f6rs\u00e4kring<\/p>\n<p style=\"text-align: left;\">&#8211; R\u00e4ttsskyddsf\u00f6rs\u00e4kring<\/p>\n<p style=\"text-align: left;\">&#8211; F\u00f6rm\u00f6genhetsbrottsf\u00f6rs\u00e4kring<\/p>\n<p style=\"text-align: left;\">&#8211; Kombinerade f\u00f6retagsf\u00f6rs\u00e4kringar<\/p>\n<p>&nbsp;<\/p>\n<p style=\"text-align: left;\"><strong>Det h\u00e4r f\u00e5r du:\u00a0<\/strong><\/p>\n<p style=\"text-align: left;\">&#8211; PowerPoint-presentationer som st\u00f6d f\u00f6r inl\u00e4rningen<\/p>\n<p style=\"text-align: left;\">&#8211; \u00d6vningsfr\u00e5gor med facit<\/p>\n<p style=\"text-align: left;\">&#8211; Avslutande diagnostest<\/p>\n<p style=\"text-align: left;\">&#8211; E-bok v\u00e4rde 1900 kr<\/p>\n<p>&nbsp;<\/p>\n<p style=\"text-align: left;\"><strong>Till\u00e4ggstj\u00e4nster (kan k\u00f6pas separat):\u00a0<\/strong><\/p>\n<p style=\"text-align: left;\">&#8211; Individuell handledning<\/p>\n<p style=\"text-align: left;\">&#8211; Tentamen och intyg f\u00f6r dig som vill validera din kunskap utan att genomf\u00f6ra Insuresecs test<\/p>\n<p>&nbsp;<\/p>\n<p style=\"text-align: left;\"><strong>F\u00f6r vem?<\/strong><\/p>\n<p style=\"text-align: left;\">Kursen passar dig som arbetar med skadef\u00f6rs\u00e4kring och beh\u00f6ver uppdatera dina kunskaper i enlighet med Finansinspektionens f\u00f6reskrifter (FFFS 2018:10) och Insuresecs riktlinjer. .<\/p>\n","protected":false},"excerpt":{"rendered":"<p>Denna onlinekurs \u00e4r utformad f\u00f6r dig som arbetar med skadef\u00f6rs\u00e4kring och beh\u00f6ver uppfylla Insuresecs kunskapsm\u00e5l f\u00f6r 2025 \u00e5rs \u00c5rliga kunskapsuppdatering (\u00c5KU). Kursen ger dig en praktiskt till\u00e4mpbar och pedagogiskt strukturerad genomg\u00e5ng av s\u00e5v\u00e4l nya som \u00e5terkommande kunskapskrav \u2013 allt f\u00f6r att du ska kunna k\u00e4nna dig trygg i din yrkesroll. &nbsp; Kursinneh\u00e5ll: Nytt f\u00f6r 2025: [&hellip;]<\/p>\n","protected":false},"featured_media":234,"comment_status":"open","ping_status":"closed","template":"","meta":{"_et_pb_use_builder":"","_et_pb_old_content":"","_et_gb_content_width":""},"product_brand":[],"product_cat":[23],"product_tag":[26,27,25,24],"class_list":{"0":"post-154","1":"product","2":"type-product","3":"status-publish","4":"has-post-thumbnail","6":"product_cat-kurser","7":"product_tag-26","8":"product_tag-kurs","9":"product_tag-sak","10":"product_tag-skadeforsakring","12":"first","13":"instock","14":"downloadable","15":"virtual","16":"taxable","17":"purchasable","18":"product-type-simple"},"_links":{"self":[{"href":"https:\/\/butik.forsakringsutbildning.se\/index.php\/wp-json\/wp\/v2\/product\/154","targetHints":{"allow":["GET"]}}],"collection":[{"href":"https:\/\/butik.forsakringsutbildning.se\/index.php\/wp-json\/wp\/v2\/product"}],"about":[{"href":"https:\/\/butik.forsakringsutbildning.se\/index.php\/wp-json\/wp\/v2\/types\/product"}],"replies":[{"embeddable":true,"href":"https:\/\/butik.forsakringsutbildning.se\/index.php\/wp-json\/wp\/v2\/comments?post=154"}],"wp:featuredmedia":[{"embeddable":true,"href":"https:\/\/butik.forsakringsutbildning.se\/index.php\/wp-json\/wp\/v2\/media\/234"}],"wp:attachment":[{"href":"https:\/\/butik.forsakringsutbildning.se\/index.php\/wp-json\/wp\/v2\/media?parent=154"}],"wp:term":[{"taxonomy":"product_brand","embeddable":true,"href":"https:\/\/butik.forsakringsutbildning.se\/index.php\/wp-json\/wp\/v2\/product_brand?post=154"},{"taxonomy":"product_cat","embeddable":true,"href":"https:\/\/butik.forsakringsutbildning.se\/index.php\/wp-json\/wp\/v2\/product_cat?post=154"},{"taxonomy":"product_tag","embeddable":true,"href":"https:\/\/butik.forsakringsutbildning.se\/index.php\/wp-json\/wp\/v2\/product_tag?post=154"}],"curies":[{"name":"wp","href":"https:\/\/api.w.org\/{rel}","templated":true}]}}