{"id":147,"date":"2026-03-20T14:51:45","date_gmt":"2026-03-20T13:51:45","guid":{"rendered":"https:\/\/butik.forsakringsutbildning.se\/?post_type=product&#038;p=147"},"modified":"2026-03-27T16:11:38","modified_gmt":"2026-03-27T15:11:38","slug":"e-bok-aku-skadeforsakring-2025","status":"publish","type":"product","link":"https:\/\/butik.forsakringsutbildning.se\/index.php\/product\/e-bok-aku-skadeforsakring-2025\/","title":{"rendered":"E-bok \u00c5KU Skadef\u00f6rs\u00e4kring 2025"},"content":{"rendered":"<p style=\"text-align: left;\" data-start=\"195\" data-end=\"490\">Den h\u00e4r e-boken \u00e4r framtagen som en del av v\u00e5r kurs <em data-start=\"247\" data-end=\"289\">Kunskapsuppdatering Skadef\u00f6rs\u00e4kring 2025<\/em> och \u00e4r ett komplett st\u00f6d f\u00f6r dig som f\u00f6rs\u00e4kringsf\u00f6rmedlare. Materialet hj\u00e4lper dig att uppfylla kravet p\u00e5 \u00e5rlig kunskapsuppdatering enligt Finansinspektionens f\u00f6reskrifter och Insuresecs riktlinjer.<\/p>\n<p style=\"text-align: left;\" data-start=\"492\" data-end=\"513\"><strong data-start=\"495\" data-end=\"511\">Efter k\u00f6p f\u00e5r du direkt tillg\u00e5ng till:<\/strong><\/p>\n<ul style=\"text-align: left;\" data-start=\"514\" data-end=\"724\">\n<li data-start=\"514\" data-end=\"568\">\n<p data-start=\"516\" data-end=\"568\">E-boken <em data-start=\"524\" data-end=\"566\">Kunskapsuppdatering Skadef\u00f6rs\u00e4kring 2025<\/em><\/p>\n<\/li>\n<li data-start=\"569\" data-end=\"638\">\n<p data-start=\"571\" data-end=\"638\">\u00d6vningsfr\u00e5gor med facit \u2013 perfekt f\u00f6r repetition och egenkontroll<\/p>\n<\/li>\n<li data-start=\"639\" data-end=\"688\">\n<p data-start=\"641\" data-end=\"688\">Bilaga: F\u00f6rs\u00e4kringsvillkor (L\u00e4nsf\u00f6rs\u00e4kringar)<\/p>\n<\/li>\n<li data-start=\"689\" data-end=\"724\">\n<p data-start=\"691\" data-end=\"724\">Bilaga: Regress\u00f6verenskommelsen Svensk F\u00f6rs\u00e4kring<\/p>\n<\/li>\n<\/ul>\n<p style=\"text-align: left;\" data-start=\"726\" data-end=\"960\">E-boken t\u00e4cker centrala omr\u00e5den inom sakf\u00f6rs\u00e4kring, inklusive f\u00f6rs\u00e4kringsavtalslagen (FAL), skadest\u00e5nd, sekretess, GDPR, skatter\u00e4tt samt olika f\u00f6rs\u00e4kringstyper som egendomsf\u00f6rs\u00e4kring, r\u00e4ttsskydd och kombinerade f\u00f6retagsf\u00f6rs\u00e4kringar.<\/p>\n","protected":false},"excerpt":{"rendered":"<p style=\"text-align: left;\">E-bok f\u00f6r Kunskapsuppdatering Skadef\u00f6rs\u00e4kring 2025. Inkluderar \u00f6vningsfr\u00e5gor, facit och bilagor. Uppfyller Finansinspektionens krav.<\/p>\n","protected":false},"featured_media":237,"comment_status":"open","ping_status":"closed","template":"","meta":{"_et_pb_use_builder":"","_et_pb_old_content":"","_et_gb_content_width":""},"product_brand":[],"product_cat":[22],"product_tag":[26,25,24],"class_list":{"0":"post-147","1":"product","2":"type-product","3":"status-publish","4":"has-post-thumbnail","6":"product_cat-e-bocker","7":"product_tag-26","8":"product_tag-sak","9":"product_tag-skadeforsakring","11":"first","12":"instock","13":"downloadable","14":"virtual","15":"taxable","16":"purchasable","17":"product-type-simple"},"_links":{"self":[{"href":"https:\/\/butik.forsakringsutbildning.se\/index.php\/wp-json\/wp\/v2\/product\/147","targetHints":{"allow":["GET"]}}],"collection":[{"href":"https:\/\/butik.forsakringsutbildning.se\/index.php\/wp-json\/wp\/v2\/product"}],"about":[{"href":"https:\/\/butik.forsakringsutbildning.se\/index.php\/wp-json\/wp\/v2\/types\/product"}],"replies":[{"embeddable":true,"href":"https:\/\/butik.forsakringsutbildning.se\/index.php\/wp-json\/wp\/v2\/comments?post=147"}],"wp:featuredmedia":[{"embeddable":true,"href":"https:\/\/butik.forsakringsutbildning.se\/index.php\/wp-json\/wp\/v2\/media\/237"}],"wp:attachment":[{"href":"https:\/\/butik.forsakringsutbildning.se\/index.php\/wp-json\/wp\/v2\/media?parent=147"}],"wp:term":[{"taxonomy":"product_brand","embeddable":true,"href":"https:\/\/butik.forsakringsutbildning.se\/index.php\/wp-json\/wp\/v2\/product_brand?post=147"},{"taxonomy":"product_cat","embeddable":true,"href":"https:\/\/butik.forsakringsutbildning.se\/index.php\/wp-json\/wp\/v2\/product_cat?post=147"},{"taxonomy":"product_tag","embeddable":true,"href":"https:\/\/butik.forsakringsutbildning.se\/index.php\/wp-json\/wp\/v2\/product_tag?post=147"}],"curies":[{"name":"wp","href":"https:\/\/api.w.org\/{rel}","templated":true}]}}