{"id":108,"date":"2025-09-22T11:50:09","date_gmt":"2025-09-22T09:50:09","guid":{"rendered":"https:\/\/butik.forsakringsutbildning.se\/?page_id=108"},"modified":"2025-10-03T14:02:48","modified_gmt":"2025-10-03T12:02:48","slug":"kontakt","status":"publish","type":"page","link":"https:\/\/butik.forsakringsutbildning.se\/index.php\/kontakt\/","title":{"rendered":"Kontakt"},"content":{"rendered":"[et_pb_section admin_label=&#8221;section&#8221;]\n\t\t\t[et_pb_row admin_label=&#8221;row&#8221;]\n\t\t\t\t[et_pb_column type=&#8221;4_4&#8243;][et_pb_text admin_label=&#8221;Text&#8221;]\n<div class=\"wp-block-group alignfull is-layout-flow wp-block-group-is-layout-flow\">\n<div class=\"wp-block-group alignfull is-layout-constrained wp-container-core-group-is-layout-2818c951 wp-block-group-is-layout-constrained\" style=\"padding-top:var(--wp--preset--spacing--superbspacing-xxlarge);padding-right:var(--wp--preset--spacing--superbspacing-medium);padding-bottom:var(--wp--preset--spacing--superbspacing-xxlarge);padding-left:var(--wp--preset--spacing--superbspacing-medium)\">\n<div class=\"wp-block-columns alignwide is-layout-flex wp-container-core-columns-is-layout-d327e3c3 wp-block-columns-is-layout-flex\">\n<div class=\"wp-block-column is-vertically-aligned-center is-layout-flow wp-block-column-is-layout-flow\">\n<div class=\"wp-block-group is-layout-constrained wp-block-group-is-layout-constrained\">\n<h2 class=\"wp-block-heading has-text-align-left has-primary-color has-text-color has-superbfont-xxsmall-font-size\" style=\"font-style:normal;font-weight:700;letter-spacing:5px;text-transform:uppercase\">Vi hj\u00e4lper g\u00e4rna till<\/h2>\n\n\n\n<h3 class=\"wp-block-heading has-text-align-left has-contrast-color has-text-color has-superbfont-xlarge-font-size\">H\u00f6r av dig!<\/h3>\n\n\n\n<p class=\"has-text-align-left has-secondary-color has-text-color has-superbfont-small-font-size\">V\u00e4lkommen att kontakta oss om du har funderingar kring kurser, bokningar, betalning eller tekniska problem.<\/p>\n\n\n\n<p>Vi f\u00f6rs\u00f6ker svara p\u00e5 mejl inom 1-2 vardagar. Du kan ocks\u00e5 kika in p\u00e5 v\u00e5r FAQ-sida f\u00f6r svar p\u00e5 vanliga fr\u00e5gor.<\/p>\n<\/div>\n\n\n\n<hr class=\"wp-block-separator has-alpha-channel-opacity\"\/>\n\n\n\n<div class=\"wp-block-group is-layout-constrained wp-block-group-is-layout-constrained\">\n<div class=\"wp-block-group has-base-background-color has-background is-nowrap is-layout-flex wp-container-core-group-is-layout-1eadfc1f wp-block-group-is-layout-flex\" style=\"border-style:none;border-width:0px;border-radius:0px;padding-top:0;padding-right:0;padding-bottom:0;padding-left:0\">\n<figure class=\"wp-block-image aligncenter size-large is-resized\"><img decoding=\"async\" src=\"https:\/\/butik.forsakringsutbildning.se\/wp-content\/uploads\/2025\/09\/icon-email.png\" alt=\"\" style=\"width:32px;height:32px\"\/><\/figure>\n\n\n\n<p class=\"has-superbfont-small-font-size\">lars@forsakringsutbildning.se eller linn@linnkrusing.se<\/p>\n<\/div>\n\n\n\n<div class=\"wp-block-group has-base-background-color has-background is-nowrap is-layout-flex wp-container-core-group-is-layout-1eadfc1f wp-block-group-is-layout-flex\" style=\"border-style:none;border-width:0px;border-radius:0px;padding-top:0;padding-right:0;padding-bottom:0;padding-left:0\">\n<figure class=\"wp-block-image aligncenter size-large is-resized\"><img decoding=\"async\" src=\"https:\/\/butik.forsakringsutbildning.se\/wp-content\/uploads\/2025\/09\/icon-phone-call.png\" alt=\"\" style=\"width:32px;height:32px\"\/><\/figure>\n\n\n\n<p class=\"has-superbfont-small-font-size\">0733 16 02 94<\/p>\n<\/div>\n<\/div>\n<\/div>\n<\/div>\n<\/div>\n<\/div>\n[\/et_pb_text][\/et_pb_column]\n\t\t\t[\/et_pb_row]\n\t\t[\/et_pb_section]","protected":false},"excerpt":{"rendered":"<p>Vi hj\u00e4lper g\u00e4rna till H\u00f6r av dig! V\u00e4lkommen att kontakta oss om du har funderingar kring kurser, bokningar, betalning eller tekniska problem. Vi f\u00f6rs\u00f6ker svara p\u00e5 mejl inom 1-2 vardagar. Du kan ocks\u00e5 kika in p\u00e5 v\u00e5r FAQ-sida f\u00f6r svar p\u00e5 vanliga fr\u00e5gor. lars@forsakringsutbildning.se eller linn@linnkrusing.se 0733 16 02 94<\/p>\n","protected":false},"author":2,"featured_media":0,"parent":0,"menu_order":0,"comment_status":"closed","ping_status":"closed","template":"","meta":{"_et_pb_use_builder":"on","_et_pb_old_content":"<!-- wp:group {\"metadata\":{\"name\":\"Contact 1 - Superb Addons\"},\"align\":\"full\"} -->\n<div class=\"wp-block-group alignfull\"><!-- wp:group {\"align\":\"full\",\"style\":{\"spacing\":{\"padding\":{\"top\":\"var:preset|spacing|superbspacing-xxlarge\",\"right\":\"var:preset|spacing|superbspacing-medium\",\"bottom\":\"var:preset|spacing|superbspacing-xxlarge\",\"left\":\"var:preset|spacing|superbspacing-medium\"},\"blockGap\":\"0\"}},\"layout\":{\"type\":\"constrained\"}} -->\n<div class=\"wp-block-group alignfull\" style=\"padding-top:var(--wp--preset--spacing--superbspacing-xxlarge);padding-right:var(--wp--preset--spacing--superbspacing-medium);padding-bottom:var(--wp--preset--spacing--superbspacing-xxlarge);padding-left:var(--wp--preset--spacing--superbspacing-medium)\"><!-- wp:columns {\"align\":\"wide\",\"style\":{\"spacing\":{\"blockGap\":{\"top\":\"var:preset|spacing|superbspacing-medium\",\"left\":\"var:preset|spacing|superbspacing-medium\"}}}} -->\n<div class=\"wp-block-columns alignwide\"><!-- wp:column {\"verticalAlignment\":\"center\",\"width\":\"\",\"style\":{\"spacing\":{\"blockGap\":\"var:preset|spacing|superbspacing-small\"}}} -->\n<div class=\"wp-block-column is-vertically-aligned-center\"><!-- wp:group {\"style\":{\"spacing\":{\"blockGap\":\"var:preset|spacing|superbspacing-xxsmall\"}},\"layout\":{\"type\":\"constrained\"}} -->\n<div class=\"wp-block-group\"><!-- wp:heading {\"textAlign\":\"left\",\"style\":{\"typography\":{\"fontStyle\":\"normal\",\"fontWeight\":\"700\",\"textTransform\":\"uppercase\",\"letterSpacing\":\"5px\"}},\"textColor\":\"primary\",\"fontSize\":\"superbfont-xxsmall\"} -->\n<h2 class=\"wp-block-heading has-text-align-left has-primary-color has-text-color has-superbfont-xxsmall-font-size\" style=\"font-style:normal;font-weight:700;letter-spacing:5px;text-transform:uppercase\">Vi hj\u00e4lper g\u00e4rna till<\/h2>\n<!-- \/wp:heading -->\n\n<!-- wp:heading {\"textAlign\":\"left\",\"level\":3,\"textColor\":\"contrast\",\"fontSize\":\"superbfont-xlarge\"} -->\n<h3 class=\"wp-block-heading has-text-align-left has-contrast-color has-text-color has-superbfont-xlarge-font-size\">H\u00f6r av dig!<\/h3>\n<!-- \/wp:heading -->\n\n<!-- wp:paragraph {\"align\":\"left\",\"textColor\":\"secondary\",\"fontSize\":\"superbfont-small\"} -->\n<p class=\"has-text-align-left has-secondary-color has-text-color has-superbfont-small-font-size\">V\u00e4lkommen att kontakta oss om du har funderingar kring kurser, bokningar, betalning eller tekniska problem.<\/p>\n<!-- \/wp:paragraph -->\n\n<!-- wp:paragraph -->\n<p>Vi f\u00f6rs\u00f6ker svara p\u00e5 mejl inom 1-2 vardagar. Du kan ocks\u00e5 kika in p\u00e5 v\u00e5r FAQ-sida f\u00f6r svar p\u00e5 vanliga fr\u00e5gor.<\/p>\n<!-- \/wp:paragraph --><\/div>\n<!-- \/wp:group -->\n\n<!-- wp:separator -->\n<hr class=\"wp-block-separator has-alpha-channel-opacity\"\/>\n<!-- \/wp:separator -->\n\n<!-- wp:group {\"style\":{\"spacing\":{\"blockGap\":\"var:preset|spacing|superbspacing-xsmall\"}},\"layout\":{\"type\":\"constrained\"}} -->\n<div class=\"wp-block-group\"><!-- wp:group {\"style\":{\"spacing\":{\"padding\":{\"top\":\"0\",\"right\":\"0\",\"bottom\":\"0\",\"left\":\"0\"},\"blockGap\":\"var:preset|spacing|superbspacing-xxsmall\"},\"border\":{\"radius\":\"0px\",\"width\":\"0px\",\"style\":\"none\"}},\"backgroundColor\":\"base\",\"layout\":{\"type\":\"flex\",\"flexWrap\":\"nowrap\",\"verticalAlignment\":\"center\"}} -->\n<div class=\"wp-block-group has-base-background-color has-background\" style=\"border-style:none;border-width:0px;border-radius:0px;padding-top:0;padding-right:0;padding-bottom:0;padding-left:0\"><!-- wp:image {\"width\":\"32px\",\"height\":\"32px\",\"sizeSlug\":\"large\",\"linkDestination\":\"none\",\"align\":\"center\"} -->\n<figure class=\"wp-block-image aligncenter size-large is-resized\"><img src=\"https:\/\/butik.forsakringsutbildning.se\/wp-content\/uploads\/2025\/09\/icon-email.png\" alt=\"\" style=\"width:32px;height:32px\"\/><\/figure>\n<!-- \/wp:image -->\n\n<!-- wp:paragraph {\"fontSize\":\"superbfont-small\"} -->\n<p class=\"has-superbfont-small-font-size\">lars@forsakringsutbildning.se eller linn@linnkrusing.se<\/p>\n<!-- \/wp:paragraph --><\/div>\n<!-- \/wp:group -->\n\n<!-- wp:group {\"style\":{\"spacing\":{\"padding\":{\"top\":\"0\",\"right\":\"0\",\"bottom\":\"0\",\"left\":\"0\"},\"blockGap\":\"var:preset|spacing|superbspacing-xxsmall\"},\"border\":{\"radius\":\"0px\",\"width\":\"0px\",\"style\":\"none\"}},\"backgroundColor\":\"base\",\"layout\":{\"type\":\"flex\",\"flexWrap\":\"nowrap\",\"verticalAlignment\":\"center\"}} -->\n<div class=\"wp-block-group has-base-background-color has-background\" style=\"border-style:none;border-width:0px;border-radius:0px;padding-top:0;padding-right:0;padding-bottom:0;padding-left:0\"><!-- wp:image {\"width\":\"32px\",\"height\":\"32px\",\"sizeSlug\":\"large\",\"linkDestination\":\"none\",\"align\":\"center\"} -->\n<figure class=\"wp-block-image aligncenter size-large is-resized\"><img src=\"https:\/\/butik.forsakringsutbildning.se\/wp-content\/uploads\/2025\/09\/icon-phone-call.png\" alt=\"\" style=\"width:32px;height:32px\"\/><\/figure>\n<!-- \/wp:image -->\n\n<!-- wp:paragraph {\"fontSize\":\"superbfont-small\"} -->\n<p class=\"has-superbfont-small-font-size\">0733 16 02 94<\/p>\n<!-- \/wp:paragraph --><\/div>\n<!-- \/wp:group --><\/div>\n<!-- \/wp:group --><\/div>\n<!-- \/wp:column --><\/div>\n<!-- \/wp:columns --><\/div>\n<!-- \/wp:group --><\/div>\n<!-- \/wp:group -->","_et_gb_content_width":"","footnotes":""},"class_list":["post-108","page","type-page","status-publish","hentry"],"_links":{"self":[{"href":"https:\/\/butik.forsakringsutbildning.se\/index.php\/wp-json\/wp\/v2\/pages\/108","targetHints":{"allow":["GET"]}}],"collection":[{"href":"https:\/\/butik.forsakringsutbildning.se\/index.php\/wp-json\/wp\/v2\/pages"}],"about":[{"href":"https:\/\/butik.forsakringsutbildning.se\/index.php\/wp-json\/wp\/v2\/types\/page"}],"author":[{"embeddable":true,"href":"https:\/\/butik.forsakringsutbildning.se\/index.php\/wp-json\/wp\/v2\/users\/2"}],"replies":[{"embeddable":true,"href":"https:\/\/butik.forsakringsutbildning.se\/index.php\/wp-json\/wp\/v2\/comments?post=108"}],"version-history":[{"count":4,"href":"https:\/\/butik.forsakringsutbildning.se\/index.php\/wp-json\/wp\/v2\/pages\/108\/revisions"}],"predecessor-version":[{"id":243,"href":"https:\/\/butik.forsakringsutbildning.se\/index.php\/wp-json\/wp\/v2\/pages\/108\/revisions\/243"}],"wp:attachment":[{"href":"https:\/\/butik.forsakringsutbildning.se\/index.php\/wp-json\/wp\/v2\/media?parent=108"}],"curies":[{"name":"wp","href":"https:\/\/api.w.org\/{rel}","templated":true}]}}